{"id":87,"date":"2022-12-23T19:28:26","date_gmt":"2022-12-23T19:28:26","guid":{"rendered":"https:\/\/tiles4you.pt\/?post_type=product&#038;p=87"},"modified":"2026-04-10T17:39:16","modified_gmt":"2026-04-10T17:39:16","slug":"pa-001-de-elisabeth-sonrel-1874-1953","status":"publish","type":"product","link":"https:\/\/tiles4you.pt\/index.php\/produto\/pa-001-de-elisabeth-sonrel-1874-1953\/","title":{"rendered":"PA-001 de Elisabeth Sonrel (1874-1953)"},"content":{"rendered":"<p>Painel formado por 3 azulejos cer\u00e2micos com reprodu\u00e7\u00e3o da pintura de Elisabeth Sonrel (1874-1953)<\/p>\n<p>Este painel pode ser colocado directamente na parede, usando a vulgar cola branca ou pode ser emoldurado.<\/p>\n<p>Dimens\u00f5es: 45,6X15,2cm<\/p>\n","protected":false},"excerpt":{"rendered":"<p>Painel de 3 azulejos<\/p>\n","protected":false},"featured_media":96,"comment_status":"open","ping_status":"closed","template":"","meta":{"om_disable_all_campaigns":false,"_exactmetrics_skip_tracking":false,"_exactmetrics_sitenote_active":false,"_exactmetrics_sitenote_note":"","_exactmetrics_sitenote_category":0},"product_brand":[],"product_cat":[19],"product_tag":[],"class_list":{"0":"post-87","1":"product","2":"type-product","3":"status-publish","4":"has-post-thumbnail","6":"product_cat-paineis-ate-6azulejos","8":"first","9":"instock","10":"shipping-taxable","11":"purchasable","12":"product-type-simple"},"aioseo_notices":[],"jetpack_sharing_enabled":true,"_links":{"self":[{"href":"https:\/\/tiles4you.pt\/index.php\/wp-json\/wp\/v2\/product\/87","targetHints":{"allow":["GET"]}}],"collection":[{"href":"https:\/\/tiles4you.pt\/index.php\/wp-json\/wp\/v2\/product"}],"about":[{"href":"https:\/\/tiles4you.pt\/index.php\/wp-json\/wp\/v2\/types\/product"}],"replies":[{"embeddable":true,"href":"https:\/\/tiles4you.pt\/index.php\/wp-json\/wp\/v2\/comments?post=87"}],"wp:featuredmedia":[{"embeddable":true,"href":"https:\/\/tiles4you.pt\/index.php\/wp-json\/wp\/v2\/media\/96"}],"wp:attachment":[{"href":"https:\/\/tiles4you.pt\/index.php\/wp-json\/wp\/v2\/media?parent=87"}],"wp:term":[{"taxonomy":"product_brand","embeddable":true,"href":"https:\/\/tiles4you.pt\/index.php\/wp-json\/wp\/v2\/product_brand?post=87"},{"taxonomy":"product_cat","embeddable":true,"href":"https:\/\/tiles4you.pt\/index.php\/wp-json\/wp\/v2\/product_cat?post=87"},{"taxonomy":"product_tag","embeddable":true,"href":"https:\/\/tiles4you.pt\/index.php\/wp-json\/wp\/v2\/product_tag?post=87"}],"curies":[{"name":"wp","href":"https:\/\/api.w.org\/{rel}","templated":true}]}}