{"id":686,"date":"2023-01-21T18:47:06","date_gmt":"2023-01-21T18:47:06","guid":{"rendered":"https:\/\/tiles4you.pt\/?post_type=product&#038;p=686"},"modified":"2026-04-10T17:29:32","modified_gmt":"2026-04-10T17:29:32","slug":"pa-055","status":"publish","type":"product","link":"https:\/\/tiles4you.pt\/index.php\/produto\/pa-055\/","title":{"rendered":"PA-055"},"content":{"rendered":"<p>Painel de 6 azulejos cer\u00e2micos<\/p>\n<p>cartaz da Exposi\u00e7\u00e3o Internacional de Madrid 1893-94<\/p>\n<p>Dimens\u00f5es: 30,4X45,6cm<\/p>\n","protected":false},"excerpt":{"rendered":"<p>Painel de 6 azulejos cer\u00e2micos cartaz da Exposi\u00e7\u00e3o Internacional de Madrid 1893-94 Dimens\u00f5es: 30,4X45,6cm<\/p>\n","protected":false},"featured_media":687,"comment_status":"open","ping_status":"closed","template":"","meta":{"om_disable_all_campaigns":false,"_exactmetrics_skip_tracking":false,"_exactmetrics_sitenote_active":false,"_exactmetrics_sitenote_note":"","_exactmetrics_sitenote_category":0},"product_brand":[],"product_cat":[19],"product_tag":[],"class_list":{"0":"post-686","1":"product","2":"type-product","3":"status-publish","4":"has-post-thumbnail","6":"product_cat-paineis-ate-6azulejos","8":"first","9":"instock","10":"shipping-taxable","11":"purchasable","12":"product-type-simple"},"aioseo_notices":[],"jetpack_sharing_enabled":true,"_links":{"self":[{"href":"https:\/\/tiles4you.pt\/index.php\/wp-json\/wp\/v2\/product\/686","targetHints":{"allow":["GET"]}}],"collection":[{"href":"https:\/\/tiles4you.pt\/index.php\/wp-json\/wp\/v2\/product"}],"about":[{"href":"https:\/\/tiles4you.pt\/index.php\/wp-json\/wp\/v2\/types\/product"}],"replies":[{"embeddable":true,"href":"https:\/\/tiles4you.pt\/index.php\/wp-json\/wp\/v2\/comments?post=686"}],"wp:featuredmedia":[{"embeddable":true,"href":"https:\/\/tiles4you.pt\/index.php\/wp-json\/wp\/v2\/media\/687"}],"wp:attachment":[{"href":"https:\/\/tiles4you.pt\/index.php\/wp-json\/wp\/v2\/media?parent=686"}],"wp:term":[{"taxonomy":"product_brand","embeddable":true,"href":"https:\/\/tiles4you.pt\/index.php\/wp-json\/wp\/v2\/product_brand?post=686"},{"taxonomy":"product_cat","embeddable":true,"href":"https:\/\/tiles4you.pt\/index.php\/wp-json\/wp\/v2\/product_cat?post=686"},{"taxonomy":"product_tag","embeddable":true,"href":"https:\/\/tiles4you.pt\/index.php\/wp-json\/wp\/v2\/product_tag?post=686"}],"curies":[{"name":"wp","href":"https:\/\/api.w.org\/{rel}","templated":true}]}}