{"id":569,"date":"2023-01-08T14:38:21","date_gmt":"2023-01-08T14:38:21","guid":{"rendered":"https:\/\/tiles4you.pt\/?post_type=product&#038;p=569"},"modified":"2026-04-10T17:30:48","modified_gmt":"2026-04-10T17:30:48","slug":"pa-043","status":"publish","type":"product","link":"https:\/\/tiles4you.pt\/index.php\/produto\/pa-043\/","title":{"rendered":"PA-043"},"content":{"rendered":"<p>Painel de 6 azulejos<\/p>\n<p>&#8220;Pygmalion and Galatea&#8221; de Jean L\u00e9on G\u00e9r\u00f4meca<\/p>\n<p>Dimens\u00f5es: 30,4X45,6cm<\/p>\n","protected":false},"excerpt":{"rendered":"<p>Painel de 6 azulejos &#8220;Pygmalion and Galatea&#8221; de Jean L\u00e9on G\u00e9r\u00f4meca Dimens\u00f5es: 30,4X45,6cm<\/p>\n","protected":false},"featured_media":570,"comment_status":"open","ping_status":"closed","template":"","meta":{"om_disable_all_campaigns":false,"_exactmetrics_skip_tracking":false,"_exactmetrics_sitenote_active":false,"_exactmetrics_sitenote_note":"","_exactmetrics_sitenote_category":0},"product_brand":[],"product_cat":[19],"product_tag":[],"class_list":{"0":"post-569","1":"product","2":"type-product","3":"status-publish","4":"has-post-thumbnail","6":"product_cat-paineis-ate-6azulejos","8":"first","9":"instock","10":"shipping-taxable","11":"purchasable","12":"product-type-simple"},"aioseo_notices":[],"jetpack_sharing_enabled":true,"_links":{"self":[{"href":"https:\/\/tiles4you.pt\/index.php\/wp-json\/wp\/v2\/product\/569","targetHints":{"allow":["GET"]}}],"collection":[{"href":"https:\/\/tiles4you.pt\/index.php\/wp-json\/wp\/v2\/product"}],"about":[{"href":"https:\/\/tiles4you.pt\/index.php\/wp-json\/wp\/v2\/types\/product"}],"replies":[{"embeddable":true,"href":"https:\/\/tiles4you.pt\/index.php\/wp-json\/wp\/v2\/comments?post=569"}],"wp:featuredmedia":[{"embeddable":true,"href":"https:\/\/tiles4you.pt\/index.php\/wp-json\/wp\/v2\/media\/570"}],"wp:attachment":[{"href":"https:\/\/tiles4you.pt\/index.php\/wp-json\/wp\/v2\/media?parent=569"}],"wp:term":[{"taxonomy":"product_brand","embeddable":true,"href":"https:\/\/tiles4you.pt\/index.php\/wp-json\/wp\/v2\/product_brand?post=569"},{"taxonomy":"product_cat","embeddable":true,"href":"https:\/\/tiles4you.pt\/index.php\/wp-json\/wp\/v2\/product_cat?post=569"},{"taxonomy":"product_tag","embeddable":true,"href":"https:\/\/tiles4you.pt\/index.php\/wp-json\/wp\/v2\/product_tag?post=569"}],"curies":[{"name":"wp","href":"https:\/\/api.w.org\/{rel}","templated":true}]}}