{"id":509,"date":"2023-01-07T11:36:21","date_gmt":"2023-01-07T11:36:21","guid":{"rendered":"https:\/\/tiles4you.pt\/?post_type=product&#038;p=509"},"modified":"2026-04-16T15:27:44","modified_gmt":"2026-04-16T15:27:44","slug":"pa-502-2","status":"publish","type":"product","link":"https:\/\/tiles4you.pt\/index.php\/produto\/pa-502-2\/","title":{"rendered":"PA-502"},"content":{"rendered":"<p>Painel de 12 azulejos<\/p>\n<p>&#8220;As quatro esta\u00e7\u00f5es&#8221; de Alphonse Mucha<\/p>\n<p>Dimens\u00f5es: 60,8X45,6cm<\/p>\n","protected":false},"excerpt":{"rendered":"<p>Painel de 12 azulejos &#8220;As quatro esta\u00e7\u00f5es&#8221; de Alphonse Mucha Dimens\u00f5es: 60,8X45,6cm<\/p>\n","protected":false},"featured_media":510,"comment_status":"open","ping_status":"closed","template":"","meta":{"om_disable_all_campaigns":false,"_exactmetrics_skip_tracking":false,"_exactmetrics_sitenote_active":false,"_exactmetrics_sitenote_note":"","_exactmetrics_sitenote_category":0},"product_brand":[],"product_cat":[15],"product_tag":[],"class_list":{"0":"post-509","1":"product","2":"type-product","3":"status-publish","4":"has-post-thumbnail","6":"product_cat-paineis-com-mais-6-azulejos","8":"first","9":"instock","10":"shipping-taxable","11":"purchasable","12":"product-type-simple"},"aioseo_notices":[],"jetpack_sharing_enabled":true,"_links":{"self":[{"href":"https:\/\/tiles4you.pt\/index.php\/wp-json\/wp\/v2\/product\/509","targetHints":{"allow":["GET"]}}],"collection":[{"href":"https:\/\/tiles4you.pt\/index.php\/wp-json\/wp\/v2\/product"}],"about":[{"href":"https:\/\/tiles4you.pt\/index.php\/wp-json\/wp\/v2\/types\/product"}],"replies":[{"embeddable":true,"href":"https:\/\/tiles4you.pt\/index.php\/wp-json\/wp\/v2\/comments?post=509"}],"wp:featuredmedia":[{"embeddable":true,"href":"https:\/\/tiles4you.pt\/index.php\/wp-json\/wp\/v2\/media\/510"}],"wp:attachment":[{"href":"https:\/\/tiles4you.pt\/index.php\/wp-json\/wp\/v2\/media?parent=509"}],"wp:term":[{"taxonomy":"product_brand","embeddable":true,"href":"https:\/\/tiles4you.pt\/index.php\/wp-json\/wp\/v2\/product_brand?post=509"},{"taxonomy":"product_cat","embeddable":true,"href":"https:\/\/tiles4you.pt\/index.php\/wp-json\/wp\/v2\/product_cat?post=509"},{"taxonomy":"product_tag","embeddable":true,"href":"https:\/\/tiles4you.pt\/index.php\/wp-json\/wp\/v2\/product_tag?post=509"}],"curies":[{"name":"wp","href":"https:\/\/api.w.org\/{rel}","templated":true}]}}