{"id":4630,"date":"2026-04-09T22:33:02","date_gmt":"2026-04-09T22:33:02","guid":{"rendered":"https:\/\/tiles4you.pt\/?post_type=product&#038;p=4630"},"modified":"2026-04-12T14:54:58","modified_gmt":"2026-04-12T14:54:58","slug":"claude-monet-woman-with-a-parasol-madame-monet-and-her-son","status":"publish","type":"product","link":"https:\/\/tiles4you.pt\/index.php\/produto\/claude-monet-woman-with-a-parasol-madame-monet-and-her-son\/","title":{"rendered":"Claude Monet &#8211; Woman with a Parasol \u2013 Madame Monet and Her Son (1875)"},"content":{"rendered":"","protected":false},"excerpt":{"rendered":"<p>Mostra a esposa do artista e o filho num momento ao ar livre, captado com leveza e naturalidade.<\/p>\n<p>A pintura destaca-se pela sensa\u00e7\u00e3o de movimento e pela forma como a luz e o vento s\u00e3o sugeridos atrav\u00e9s de pinceladas soltas e luminosas.<\/p>\n","protected":false},"featured_media":4669,"comment_status":"open","ping_status":"closed","template":"","meta":{"om_disable_all_campaigns":false,"_exactmetrics_skip_tracking":false,"_exactmetrics_sitenote_active":false,"_exactmetrics_sitenote_note":"","_exactmetrics_sitenote_category":0},"product_brand":[],"product_cat":[82],"product_tag":[],"class_list":{"0":"post-4630","1":"product","2":"type-product","3":"status-publish","4":"has-post-thumbnail","6":"product_cat-claude-monet","8":"first","9":"instock","10":"shipping-taxable","11":"purchasable","12":"product-type-variable"},"aioseo_notices":[],"jetpack_sharing_enabled":true,"_links":{"self":[{"href":"https:\/\/tiles4you.pt\/index.php\/wp-json\/wp\/v2\/product\/4630","targetHints":{"allow":["GET"]}}],"collection":[{"href":"https:\/\/tiles4you.pt\/index.php\/wp-json\/wp\/v2\/product"}],"about":[{"href":"https:\/\/tiles4you.pt\/index.php\/wp-json\/wp\/v2\/types\/product"}],"replies":[{"embeddable":true,"href":"https:\/\/tiles4you.pt\/index.php\/wp-json\/wp\/v2\/comments?post=4630"}],"wp:featuredmedia":[{"embeddable":true,"href":"https:\/\/tiles4you.pt\/index.php\/wp-json\/wp\/v2\/media\/4669"}],"wp:attachment":[{"href":"https:\/\/tiles4you.pt\/index.php\/wp-json\/wp\/v2\/media?parent=4630"}],"wp:term":[{"taxonomy":"product_brand","embeddable":true,"href":"https:\/\/tiles4you.pt\/index.php\/wp-json\/wp\/v2\/product_brand?post=4630"},{"taxonomy":"product_cat","embeddable":true,"href":"https:\/\/tiles4you.pt\/index.php\/wp-json\/wp\/v2\/product_cat?post=4630"},{"taxonomy":"product_tag","embeddable":true,"href":"https:\/\/tiles4you.pt\/index.php\/wp-json\/wp\/v2\/product_tag?post=4630"}],"curies":[{"name":"wp","href":"https:\/\/api.w.org\/{rel}","templated":true}]}}