{"id":407,"date":"2023-01-04T00:21:11","date_gmt":"2023-01-04T00:21:11","guid":{"rendered":"https:\/\/tiles4you.pt\/?post_type=product&#038;p=407"},"modified":"2026-04-16T15:28:12","modified_gmt":"2026-04-16T15:28:12","slug":"pa-800","status":"publish","type":"product","link":"https:\/\/tiles4you.pt\/index.php\/produto\/pa-800\/","title":{"rendered":"PA-800"},"content":{"rendered":"<p>Painel de 15 azulejos cer\u00e2micos com reprodu\u00e7\u00e3o da pintura de Wassily Kandinsky &#8220;Yellow Red Blue No 314&#8221;<\/p>\n<p>Dimens\u00f5es: 76X45,6cm<\/p>\n","protected":false},"excerpt":{"rendered":"<p>Painel de 15 azulejos cer\u00e2micos com reprodu\u00e7\u00e3o da pintura de Wassily Kandinsky &#8220;Yellow Red Blue No 314&#8221; Dimens\u00f5es: 76X45,6cm<\/p>\n","protected":false},"featured_media":410,"comment_status":"open","ping_status":"closed","template":"","meta":{"om_disable_all_campaigns":false,"_exactmetrics_skip_tracking":false,"_exactmetrics_sitenote_active":false,"_exactmetrics_sitenote_note":"","_exactmetrics_sitenote_category":0},"product_brand":[],"product_cat":[15],"product_tag":[],"class_list":{"0":"post-407","1":"product","2":"type-product","3":"status-publish","4":"has-post-thumbnail","6":"product_cat-paineis-com-mais-6-azulejos","8":"first","9":"instock","10":"shipping-taxable","11":"purchasable","12":"product-type-simple"},"aioseo_notices":[],"jetpack_sharing_enabled":true,"_links":{"self":[{"href":"https:\/\/tiles4you.pt\/index.php\/wp-json\/wp\/v2\/product\/407","targetHints":{"allow":["GET"]}}],"collection":[{"href":"https:\/\/tiles4you.pt\/index.php\/wp-json\/wp\/v2\/product"}],"about":[{"href":"https:\/\/tiles4you.pt\/index.php\/wp-json\/wp\/v2\/types\/product"}],"replies":[{"embeddable":true,"href":"https:\/\/tiles4you.pt\/index.php\/wp-json\/wp\/v2\/comments?post=407"}],"wp:featuredmedia":[{"embeddable":true,"href":"https:\/\/tiles4you.pt\/index.php\/wp-json\/wp\/v2\/media\/410"}],"wp:attachment":[{"href":"https:\/\/tiles4you.pt\/index.php\/wp-json\/wp\/v2\/media?parent=407"}],"wp:term":[{"taxonomy":"product_brand","embeddable":true,"href":"https:\/\/tiles4you.pt\/index.php\/wp-json\/wp\/v2\/product_brand?post=407"},{"taxonomy":"product_cat","embeddable":true,"href":"https:\/\/tiles4you.pt\/index.php\/wp-json\/wp\/v2\/product_cat?post=407"},{"taxonomy":"product_tag","embeddable":true,"href":"https:\/\/tiles4you.pt\/index.php\/wp-json\/wp\/v2\/product_tag?post=407"}],"curies":[{"name":"wp","href":"https:\/\/api.w.org\/{rel}","templated":true}]}}