{"id":2197,"date":"2023-08-25T19:43:36","date_gmt":"2023-08-25T19:43:36","guid":{"rendered":"https:\/\/tiles4you.pt\/?post_type=product&#038;p=2197"},"modified":"2026-04-10T17:29:13","modified_gmt":"2026-04-10T17:29:13","slug":"pa-828","status":"publish","type":"product","link":"https:\/\/tiles4you.pt\/index.php\/produto\/pa-828\/","title":{"rendered":"PA-828"},"content":{"rendered":"<p>A refei\u00e7\u00e3o da tarde (La Merienda) de Luis Mel\u00e9ndez<\/p>\n<p>Mural de 6 azulejos cer\u00e2micos.<\/p>\n<p>Dimens\u00f5es: 30,6cmX45,9cm<\/p>\n","protected":false},"excerpt":{"rendered":"<p id=\"lote-page-h1\" class=\"bold js-lote-titulo-421464874 m-0 mb-3 text-break text-gray-900 h3\">A refei\u00e7\u00e3o da tarde (La Merienda) de Luis Mel\u00e9ndez<\/p>\n<p>&nbsp;<\/p>\n<p>&nbsp;<\/p>\n","protected":false},"featured_media":2198,"comment_status":"open","ping_status":"closed","template":"","meta":{"om_disable_all_campaigns":false,"_exactmetrics_skip_tracking":false,"_exactmetrics_sitenote_active":false,"_exactmetrics_sitenote_note":"","_exactmetrics_sitenote_category":0},"product_brand":[],"product_cat":[19],"product_tag":[],"class_list":{"0":"post-2197","1":"product","2":"type-product","3":"status-publish","4":"has-post-thumbnail","6":"product_cat-paineis-ate-6azulejos","8":"first","9":"instock","10":"shipping-taxable","11":"purchasable","12":"product-type-simple"},"aioseo_notices":[],"jetpack_sharing_enabled":true,"_links":{"self":[{"href":"https:\/\/tiles4you.pt\/index.php\/wp-json\/wp\/v2\/product\/2197","targetHints":{"allow":["GET"]}}],"collection":[{"href":"https:\/\/tiles4you.pt\/index.php\/wp-json\/wp\/v2\/product"}],"about":[{"href":"https:\/\/tiles4you.pt\/index.php\/wp-json\/wp\/v2\/types\/product"}],"replies":[{"embeddable":true,"href":"https:\/\/tiles4you.pt\/index.php\/wp-json\/wp\/v2\/comments?post=2197"}],"wp:featuredmedia":[{"embeddable":true,"href":"https:\/\/tiles4you.pt\/index.php\/wp-json\/wp\/v2\/media\/2198"}],"wp:attachment":[{"href":"https:\/\/tiles4you.pt\/index.php\/wp-json\/wp\/v2\/media?parent=2197"}],"wp:term":[{"taxonomy":"product_brand","embeddable":true,"href":"https:\/\/tiles4you.pt\/index.php\/wp-json\/wp\/v2\/product_brand?post=2197"},{"taxonomy":"product_cat","embeddable":true,"href":"https:\/\/tiles4you.pt\/index.php\/wp-json\/wp\/v2\/product_cat?post=2197"},{"taxonomy":"product_tag","embeddable":true,"href":"https:\/\/tiles4you.pt\/index.php\/wp-json\/wp\/v2\/product_tag?post=2197"}],"curies":[{"name":"wp","href":"https:\/\/api.w.org\/{rel}","templated":true}]}}