{"id":1708,"date":"2023-06-12T15:17:22","date_gmt":"2023-06-12T15:17:22","guid":{"rendered":"https:\/\/tiles4you.pt\/?post_type=product&#038;p=1708"},"modified":"2026-04-10T15:33:47","modified_gmt":"2026-04-10T15:33:47","slug":"a-brasao-compra","status":"publish","type":"product","link":"https:\/\/tiles4you.pt\/index.php\/produto\/a-brasao-compra\/","title":{"rendered":"A (bras\u00e3o-compra)"},"content":{"rendered":"<p>A (bras\u00e3o-compra)-Por favor, escreva o apelido\/apelidos pretendidos em Notas da encomendaque aparece na parte final do processo de compra, antes do pagamento.Nenhum dado \u00e9 gravado ou enviado \u00e0 Tiles4You at\u00e9 finalizar a compra.<br \/>\nS\u00f3 deve completar a compra ap\u00f3s confirma\u00e7\u00e3o do bras\u00e3o de armas para o sobrenome(s) pretendido(s) por e-mail, telefone, whatsapp ou messenger.<br \/>\nE-mail: store@tiles4you.pt<br \/>\nTel e Whatsapp: 915454506<\/p>\n","protected":false},"excerpt":{"rendered":"<p>A (bras\u00e3o-compra)<\/p>\n<p><strong>Por favor, escreva o apelido\/apelidos pretendidos em Notas da encomenda\u00a0<span class=\"optional\">(opcional )<\/span><\/strong><\/p>\n<p>S\u00f3 deve completar a compra ap\u00f3s confirma\u00e7\u00e3o do bras\u00e3o de armas para o sobrenome(s) pretendido(s) por e-mail, telefone, whatsapp ou messenger.<\/p>\n","protected":false},"featured_media":1774,"comment_status":"open","ping_status":"closed","template":"","meta":{"om_disable_all_campaigns":false,"_exactmetrics_skip_tracking":false,"_exactmetrics_sitenote_active":false,"_exactmetrics_sitenote_note":"","_exactmetrics_sitenote_category":0},"product_brand":[],"product_cat":[24],"product_tag":[],"class_list":{"0":"post-1708","1":"product","2":"type-product","3":"status-publish","4":"has-post-thumbnail","6":"product_cat-heraldica-portuguesa","8":"first","9":"instock","10":"shipping-taxable","11":"purchasable","12":"product-type-variable"},"aioseo_notices":[],"jetpack_sharing_enabled":true,"_links":{"self":[{"href":"https:\/\/tiles4you.pt\/index.php\/wp-json\/wp\/v2\/product\/1708","targetHints":{"allow":["GET"]}}],"collection":[{"href":"https:\/\/tiles4you.pt\/index.php\/wp-json\/wp\/v2\/product"}],"about":[{"href":"https:\/\/tiles4you.pt\/index.php\/wp-json\/wp\/v2\/types\/product"}],"replies":[{"embeddable":true,"href":"https:\/\/tiles4you.pt\/index.php\/wp-json\/wp\/v2\/comments?post=1708"}],"wp:featuredmedia":[{"embeddable":true,"href":"https:\/\/tiles4you.pt\/index.php\/wp-json\/wp\/v2\/media\/1774"}],"wp:attachment":[{"href":"https:\/\/tiles4you.pt\/index.php\/wp-json\/wp\/v2\/media?parent=1708"}],"wp:term":[{"taxonomy":"product_brand","embeddable":true,"href":"https:\/\/tiles4you.pt\/index.php\/wp-json\/wp\/v2\/product_brand?post=1708"},{"taxonomy":"product_cat","embeddable":true,"href":"https:\/\/tiles4you.pt\/index.php\/wp-json\/wp\/v2\/product_cat?post=1708"},{"taxonomy":"product_tag","embeddable":true,"href":"https:\/\/tiles4you.pt\/index.php\/wp-json\/wp\/v2\/product_tag?post=1708"}],"curies":[{"name":"wp","href":"https:\/\/api.w.org\/{rel}","templated":true}]}}