{"id":138,"date":"2022-12-24T22:58:40","date_gmt":"2022-12-24T22:58:40","guid":{"rendered":"https:\/\/tiles4you.pt\/?post_type=product&#038;p=138"},"modified":"2023-05-31T09:45:39","modified_gmt":"2023-05-31T09:45:39","slug":"azulejo-ref-az-016","status":"publish","type":"product","link":"https:\/\/tiles4you.pt\/index.php\/produto\/azulejo-ref-az-016\/","title":{"rendered":"Azulejo Ref. AZ-016"},"content":{"rendered":"<p>Azulejo cer\u00e2mico com as dimens\u00f5es de 15,2X15,2cm<\/p>\n<p>Reprodu\u00e7\u00e3o de azulejo arte Nova<\/p>\n<p>Resistente ao choque, riscos e calor.<\/p>\n<p>Pode ser colado directamente na parede ou emoldurado como um quadro.<\/p>\n<p>Recomendado para interiores.<\/p>\n","protected":false},"excerpt":{"rendered":"<p>Azulejo cer\u00e2mico com as dimens\u00f5es de 15,2X15,2cm Reprodu\u00e7\u00e3o de azulejo arte Nova Resistente ao choque, riscos e calor. Pode ser colado directamente na parede ou emoldurado como um quadro. Recomendado para interiores.<\/p>\n","protected":false},"featured_media":152,"comment_status":"open","ping_status":"closed","template":"","meta":{"om_disable_all_campaigns":false,"_exactmetrics_skip_tracking":false,"_exactmetrics_sitenote_active":false,"_exactmetrics_sitenote_note":"","_exactmetrics_sitenote_category":0},"product_brand":[],"product_cat":[16],"product_tag":[17],"class_list":{"0":"post-138","1":"product","2":"type-product","3":"status-publish","4":"has-post-thumbnail","6":"product_cat-azulejo-simples","7":"product_tag-tiles4you","9":"first","10":"instock","11":"shipping-taxable","12":"purchasable","13":"product-type-simple"},"aioseo_notices":[],"jetpack_sharing_enabled":true,"_links":{"self":[{"href":"https:\/\/tiles4you.pt\/index.php\/wp-json\/wp\/v2\/product\/138","targetHints":{"allow":["GET"]}}],"collection":[{"href":"https:\/\/tiles4you.pt\/index.php\/wp-json\/wp\/v2\/product"}],"about":[{"href":"https:\/\/tiles4you.pt\/index.php\/wp-json\/wp\/v2\/types\/product"}],"replies":[{"embeddable":true,"href":"https:\/\/tiles4you.pt\/index.php\/wp-json\/wp\/v2\/comments?post=138"}],"wp:featuredmedia":[{"embeddable":true,"href":"https:\/\/tiles4you.pt\/index.php\/wp-json\/wp\/v2\/media\/152"}],"wp:attachment":[{"href":"https:\/\/tiles4you.pt\/index.php\/wp-json\/wp\/v2\/media?parent=138"}],"wp:term":[{"taxonomy":"product_brand","embeddable":true,"href":"https:\/\/tiles4you.pt\/index.php\/wp-json\/wp\/v2\/product_brand?post=138"},{"taxonomy":"product_cat","embeddable":true,"href":"https:\/\/tiles4you.pt\/index.php\/wp-json\/wp\/v2\/product_cat?post=138"},{"taxonomy":"product_tag","embeddable":true,"href":"https:\/\/tiles4you.pt\/index.php\/wp-json\/wp\/v2\/product_tag?post=138"}],"curies":[{"name":"wp","href":"https:\/\/api.w.org\/{rel}","templated":true}]}}