{"id":1312,"date":"2023-04-16T14:34:56","date_gmt":"2023-04-16T14:34:56","guid":{"rendered":"https:\/\/tiles4you.pt\/?post_type=product&#038;p=1312"},"modified":"2026-04-16T15:17:43","modified_gmt":"2026-04-16T15:17:43","slug":"mural-com-reproducao-de-sandro-botticelli-la-nascita-di-venere","status":"publish","type":"product","link":"https:\/\/tiles4you.pt\/index.php\/produto\/mural-com-reproducao-de-sandro-botticelli-la-nascita-di-venere\/","title":{"rendered":"Mural com reprodu\u00e7\u00e3o  de Sandro Botticelli &#8220;La nascita di Venere&#8221;"},"content":{"rendered":"<p>Mural de 40 azulejos com reprodu\u00e7\u00e3o da pintura: &#8220;La nascita di Venere&#8221; de Sandro Botticelli<\/p>\n<p>Dimens\u00f5es: (122,4X76,5cm).<\/p>\n","protected":false},"excerpt":{"rendered":"<p>Mural de 40 azulejos com reprodu\u00e7\u00e3o da pintura: &#8220;La nascita di Venere&#8221; de Sandro Botticelli<\/p>\n<p>Dimens\u00f5es: (122,4X76,5cm).<\/p>\n","protected":false},"featured_media":1313,"comment_status":"open","ping_status":"closed","template":"","meta":{"om_disable_all_campaigns":false,"_exactmetrics_skip_tracking":false,"_exactmetrics_sitenote_active":false,"_exactmetrics_sitenote_note":"","_exactmetrics_sitenote_category":0},"product_brand":[],"product_cat":[15],"product_tag":[],"class_list":{"0":"post-1312","1":"product","2":"type-product","3":"status-publish","4":"has-post-thumbnail","6":"product_cat-paineis-com-mais-6-azulejos","8":"first","9":"instock","10":"shipping-taxable","11":"purchasable","12":"product-type-simple"},"aioseo_notices":[],"jetpack_sharing_enabled":true,"_links":{"self":[{"href":"https:\/\/tiles4you.pt\/index.php\/wp-json\/wp\/v2\/product\/1312","targetHints":{"allow":["GET"]}}],"collection":[{"href":"https:\/\/tiles4you.pt\/index.php\/wp-json\/wp\/v2\/product"}],"about":[{"href":"https:\/\/tiles4you.pt\/index.php\/wp-json\/wp\/v2\/types\/product"}],"replies":[{"embeddable":true,"href":"https:\/\/tiles4you.pt\/index.php\/wp-json\/wp\/v2\/comments?post=1312"}],"wp:featuredmedia":[{"embeddable":true,"href":"https:\/\/tiles4you.pt\/index.php\/wp-json\/wp\/v2\/media\/1313"}],"wp:attachment":[{"href":"https:\/\/tiles4you.pt\/index.php\/wp-json\/wp\/v2\/media?parent=1312"}],"wp:term":[{"taxonomy":"product_brand","embeddable":true,"href":"https:\/\/tiles4you.pt\/index.php\/wp-json\/wp\/v2\/product_brand?post=1312"},{"taxonomy":"product_cat","embeddable":true,"href":"https:\/\/tiles4you.pt\/index.php\/wp-json\/wp\/v2\/product_cat?post=1312"},{"taxonomy":"product_tag","embeddable":true,"href":"https:\/\/tiles4you.pt\/index.php\/wp-json\/wp\/v2\/product_tag?post=1312"}],"curies":[{"name":"wp","href":"https:\/\/api.w.org\/{rel}","templated":true}]}}