{"id":1114,"date":"2023-03-09T20:22:49","date_gmt":"2023-03-09T20:22:49","guid":{"rendered":"https:\/\/tiles4you.pt\/?post_type=product&#038;p=1114"},"modified":"2026-04-16T15:21:37","modified_gmt":"2026-04-16T15:21:37","slug":"pa-807","status":"publish","type":"product","link":"https:\/\/tiles4you.pt\/index.php\/produto\/pa-807\/","title":{"rendered":"PA-807"},"content":{"rendered":"<p>Mural de 20 azulejos.<\/p>\n<p>Pintura de Joan Mir\u00f3 &#8221; The Rooster&#8221; ou &#8221; El Gallo&#8221;.<\/p>\n<p>Dimens\u00f5es: 61,2X76,5cm<\/p>\n<p>(Pode ser produzido com 40 azulejos, duplicam as dimens\u00f5es e o pre\u00e7o)<\/p>\n","protected":false},"excerpt":{"rendered":"<p>Mural de 20 azulejos. Pintura de Joan Mir\u00f3 &#8221; The Rooster&#8221; ou &#8221; El Gallo&#8221;. Dimens\u00f5es: 61,2X76,5cm (Pode ser produzido com 40 azulejos, duplicam as dimens\u00f5es e o pre\u00e7o)<\/p>\n","protected":false},"featured_media":1115,"comment_status":"open","ping_status":"closed","template":"","meta":{"om_disable_all_campaigns":false,"_exactmetrics_skip_tracking":false,"_exactmetrics_sitenote_active":false,"_exactmetrics_sitenote_note":"","_exactmetrics_sitenote_category":0},"product_brand":[],"product_cat":[15],"product_tag":[],"class_list":{"0":"post-1114","1":"product","2":"type-product","3":"status-publish","4":"has-post-thumbnail","6":"product_cat-paineis-com-mais-6-azulejos","8":"first","9":"instock","10":"shipping-taxable","11":"purchasable","12":"product-type-simple"},"aioseo_notices":[],"jetpack_sharing_enabled":true,"_links":{"self":[{"href":"https:\/\/tiles4you.pt\/index.php\/wp-json\/wp\/v2\/product\/1114","targetHints":{"allow":["GET"]}}],"collection":[{"href":"https:\/\/tiles4you.pt\/index.php\/wp-json\/wp\/v2\/product"}],"about":[{"href":"https:\/\/tiles4you.pt\/index.php\/wp-json\/wp\/v2\/types\/product"}],"replies":[{"embeddable":true,"href":"https:\/\/tiles4you.pt\/index.php\/wp-json\/wp\/v2\/comments?post=1114"}],"wp:featuredmedia":[{"embeddable":true,"href":"https:\/\/tiles4you.pt\/index.php\/wp-json\/wp\/v2\/media\/1115"}],"wp:attachment":[{"href":"https:\/\/tiles4you.pt\/index.php\/wp-json\/wp\/v2\/media?parent=1114"}],"wp:term":[{"taxonomy":"product_brand","embeddable":true,"href":"https:\/\/tiles4you.pt\/index.php\/wp-json\/wp\/v2\/product_brand?post=1114"},{"taxonomy":"product_cat","embeddable":true,"href":"https:\/\/tiles4you.pt\/index.php\/wp-json\/wp\/v2\/product_cat?post=1114"},{"taxonomy":"product_tag","embeddable":true,"href":"https:\/\/tiles4you.pt\/index.php\/wp-json\/wp\/v2\/product_tag?post=1114"}],"curies":[{"name":"wp","href":"https:\/\/api.w.org\/{rel}","templated":true}]}}