{"id":1083,"date":"2023-02-26T17:15:23","date_gmt":"2023-02-26T17:15:23","guid":{"rendered":"https:\/\/tiles4you.pt\/?post_type=product&#038;p=1083"},"modified":"2023-02-26T17:26:06","modified_gmt":"2023-02-26T17:26:06","slug":"a-escudo-de-armas-para-construir","status":"publish","type":"product","link":"https:\/\/tiles4you.pt\/index.php\/produto\/a-escudo-de-armas-para-construir\/","title":{"rendered":"A- Escudo de Armas"},"content":{"rendered":"<p>Se pretende saber quais s\u00e3o as Armas do seu\/seus apelidos, por favor, fa\u00e7a uma compra a custo zero deste item (custo zero e portes zero), preencha todos os dados marcados com &#8220;<strong>*<\/strong>&#8221; e\u00a0 em <strong>Notas da encomenda\u00a0<span class=\"optional\">(opcional ),<\/span><\/strong><span class=\"optional\"> indique o apelidos ou apelidos do escudo de Armas que pretende (1, 2, 3 ou 4 apelidos). No prazo de 4 dias, receber\u00e1 uma imagem por e-mail com o desenho do bras\u00e3o solicitado. A compra, caso seja do seu agrado, poder\u00e1 ser efetuada na loja online, por e-mail ou telefone (indicados no in\u00edcio do website).<\/span><\/p>\n","protected":false},"excerpt":{"rendered":"<p>Se pretende saber quais s\u00e3o as Armas do seu\/seus apelidos, por favor, fa\u00e7a uma compra a custo zero deste item (custo zero e portes zero), preencha todos os dados marcados com &#8220;*&#8221; e\u00a0 em Notas da encomenda\u00a0(opcional ), indique o apelidos ou apelidos do escudo de Armas que pretende (1, 2, 3 ou 4 apelidos). [&hellip;]<\/p>\n","protected":false},"featured_media":1099,"comment_status":"open","ping_status":"closed","template":"","meta":{"om_disable_all_campaigns":false,"_exactmetrics_skip_tracking":false,"_exactmetrics_sitenote_active":false,"_exactmetrics_sitenote_note":"","_exactmetrics_sitenote_category":0},"product_brand":[],"product_cat":[24],"product_tag":[],"class_list":{"0":"post-1083","1":"product","2":"type-product","3":"status-publish","4":"has-post-thumbnail","6":"product_cat-heraldica-portuguesa","8":"first","9":"instock","10":"virtual","11":"purchasable","12":"product-type-simple"},"aioseo_notices":[],"jetpack_sharing_enabled":true,"_links":{"self":[{"href":"https:\/\/tiles4you.pt\/index.php\/wp-json\/wp\/v2\/product\/1083","targetHints":{"allow":["GET"]}}],"collection":[{"href":"https:\/\/tiles4you.pt\/index.php\/wp-json\/wp\/v2\/product"}],"about":[{"href":"https:\/\/tiles4you.pt\/index.php\/wp-json\/wp\/v2\/types\/product"}],"replies":[{"embeddable":true,"href":"https:\/\/tiles4you.pt\/index.php\/wp-json\/wp\/v2\/comments?post=1083"}],"wp:featuredmedia":[{"embeddable":true,"href":"https:\/\/tiles4you.pt\/index.php\/wp-json\/wp\/v2\/media\/1099"}],"wp:attachment":[{"href":"https:\/\/tiles4you.pt\/index.php\/wp-json\/wp\/v2\/media?parent=1083"}],"wp:term":[{"taxonomy":"product_brand","embeddable":true,"href":"https:\/\/tiles4you.pt\/index.php\/wp-json\/wp\/v2\/product_brand?post=1083"},{"taxonomy":"product_cat","embeddable":true,"href":"https:\/\/tiles4you.pt\/index.php\/wp-json\/wp\/v2\/product_cat?post=1083"},{"taxonomy":"product_tag","embeddable":true,"href":"https:\/\/tiles4you.pt\/index.php\/wp-json\/wp\/v2\/product_tag?post=1083"}],"curies":[{"name":"wp","href":"https:\/\/api.w.org\/{rel}","templated":true}]}}