{"id":7042,"date":"2026-05-15T14:51:10","date_gmt":"2026-05-15T14:51:10","guid":{"rendered":"https:\/\/tiles4you.pt\/?page_id=7042"},"modified":"2026-05-15T14:51:14","modified_gmt":"2026-05-15T14:51:14","slug":"envios-e-devolucoes","status":"publish","type":"page","link":"https:\/\/tiles4you.pt\/index.php\/envios-e-devolucoes\/","title":{"rendered":"Envios e Devolu\u00e7\u00f5es"},"content":{"rendered":"\n<p>Envios e Devolu\u00e7\u00f5es \u2013 Tiles4You<\/p>\n\n\n\n<p>\u00daltima atualiza\u00e7\u00e3o: Maio 2026<\/p>\n\n\n\n<p>Na Tiles4You, trabalhamos maioritariamente com produtos personalizados e produzidos sob encomenda, pelo que os prazos de prepara\u00e7\u00e3o podem variar consoante o tipo de produto e volume de encomendas.<\/p>\n\n\n\n<p>PRAZOS DE PRODU\u00c7\u00c3O E ENVIO<\/p>\n\n\n\n<p>O prazo estimado de produ\u00e7\u00e3o e envio das encomendas \u00e9 de 3 a 7 dias \u00fateis ap\u00f3s confirma\u00e7\u00e3o do pagamento.<\/p>\n\n\n\n<p>Em per\u00edodos de maior volume de encomendas, campanhas sazonais ou situa\u00e7\u00f5es excecionais, este prazo poder\u00e1 sofrer altera\u00e7\u00f5es, sendo o cliente informado sempre que poss\u00edvel.<\/p>\n\n\n\n<p>TRANSPORTADORAS<\/p>\n\n\n\n<p>As encomendas s\u00e3o expedidas atrav\u00e9s das seguintes transportadoras:<\/p>\n\n\n\n<p>Correos<\/p>\n\n\n\n<p>CTT<\/p>\n\n\n\n<p>DPD<\/p>\n\n\n\n<p>A transportadora utilizada poder\u00e1 variar consoante o destino, peso, dimens\u00e3o da encomenda ou crit\u00e9rios log\u00edsticos.<\/p>\n\n\n\n<p>CUSTOS DE ENVIO<\/p>\n\n\n\n<p>Os custos de envio s\u00e3o calculados automaticamente e apresentados ao cliente antes da confirma\u00e7\u00e3o final da encomenda.<\/p>\n\n\n\n<p>ACOMPANHAMENTO DA ENCOMENDA<\/p>\n\n\n\n<p>Sempre que dispon\u00edvel, ser\u00e1 facultado ao cliente um c\u00f3digo de seguimento da encomenda ap\u00f3s expedi\u00e7\u00e3o.<\/p>\n\n\n\n<p>DANOS NO TRANSPORTE<\/p>\n\n\n\n<p>Se a encomenda apresentar danos vis\u00edveis na embalagem ou no produto, recomendamos que o cliente:<\/p>\n\n\n\n<p>1. Tire fotografias da embalagem e do produto danificado;<\/p>\n\n\n\n<p>2. Entre em contacto com a Tiles4You o mais rapidamente poss\u00edvel atrav\u00e9s de&nbsp;<a href=\"mailto:store@tiles4you.pt\" target=\"_blank\" rel=\"noreferrer noopener\">store@tiles4you.pt<\/a>;<\/p>\n\n\n\n<p>3. Indique o n\u00famero da encomenda e envie evid\u00eancias fotogr\u00e1ficas.<\/p>\n\n\n\n<p>Cada situa\u00e7\u00e3o ser\u00e1 analisada individualmente para garantir a melhor solu\u00e7\u00e3o poss\u00edvel.<\/p>\n\n\n\n<p>DEVOLU\u00c7\u00d5ES E PRODUTOS PERSONALIZADOS<\/p>\n\n\n\n<p>A maioria dos produtos comercializados pela Tiles4You \u00e9 personalizada ou produzida de acordo com as especifica\u00e7\u00f5es do cliente.<\/p>\n\n\n\n<p>De acordo com a legisla\u00e7\u00e3o aplic\u00e1vel, produtos personalizados n\u00e3o podem ser devolvidos por arrependimento, troca de prefer\u00eancia ou desist\u00eancia da compra.<\/p>\n\n\n\n<p>DEFEITOS DE FABRICO<\/p>\n\n\n\n<p>Caso um produto apresente defeito de fabrico ou dano imput\u00e1vel ao processo de produ\u00e7\u00e3o, o cliente dever\u00e1 contactar a Tiles4You atrav\u00e9s do e-mail&nbsp;<a href=\"mailto:store@tiles4you.pt\" target=\"_blank\" rel=\"noreferrer noopener\">store@tiles4you.pt<\/a>, enviando fotografias claras do problema identificado.<\/p>\n\n\n\n<p>Ap\u00f3s verifica\u00e7\u00e3o do caso, e quando aplic\u00e1vel, a Tiles4You proceder\u00e1 ao envio de um novo produto sem custos adicionais.<\/p>\n\n\n\n<p>CONTACTOS<\/p>\n\n\n\n<p>Tiles4You \/ Relatos e Retalhos<\/p>\n\n\n\n<p>Rua das Casas Novas 9<\/p>\n\n\n\n<p>4810-087 Guimar\u00e3es \u2013 Portugal<\/p>\n\n\n\n<p>E-mail:&nbsp;<a href=\"mailto:store@tiles4you.pt\" target=\"_blank\" rel=\"noreferrer noopener\">store@tiles4you.pt<\/a><\/p>\n","protected":false},"excerpt":{"rendered":"<p>Envios e Devolu\u00e7\u00f5es \u2013 Tiles4You \u00daltima atualiza\u00e7\u00e3o: Maio 2026 Na Tiles4You, trabalhamos maioritariamente com produtos personalizados e produzidos sob encomenda, pelo que os prazos de prepara\u00e7\u00e3o podem variar consoante o tipo de produto e volume de encomendas. PRAZOS DE PRODU\u00c7\u00c3O E ENVIO O prazo estimado de produ\u00e7\u00e3o e envio das encomendas \u00e9 de 3 a [&hellip;]<\/p>\n","protected":false},"author":2,"featured_media":0,"parent":0,"menu_order":0,"comment_status":"closed","ping_status":"closed","template":"","meta":{"om_disable_all_campaigns":false,"_exactmetrics_skip_tracking":false,"_exactmetrics_sitenote_active":false,"_exactmetrics_sitenote_note":"","_exactmetrics_sitenote_category":0,"footnotes":""},"class_list":["post-7042","page","type-page","status-publish","hentry"],"aioseo_notices":[],"jetpack_sharing_enabled":true,"_links":{"self":[{"href":"https:\/\/tiles4you.pt\/index.php\/wp-json\/wp\/v2\/pages\/7042","targetHints":{"allow":["GET"]}}],"collection":[{"href":"https:\/\/tiles4you.pt\/index.php\/wp-json\/wp\/v2\/pages"}],"about":[{"href":"https:\/\/tiles4you.pt\/index.php\/wp-json\/wp\/v2\/types\/page"}],"author":[{"embeddable":true,"href":"https:\/\/tiles4you.pt\/index.php\/wp-json\/wp\/v2\/users\/2"}],"replies":[{"embeddable":true,"href":"https:\/\/tiles4you.pt\/index.php\/wp-json\/wp\/v2\/comments?post=7042"}],"version-history":[{"count":1,"href":"https:\/\/tiles4you.pt\/index.php\/wp-json\/wp\/v2\/pages\/7042\/revisions"}],"predecessor-version":[{"id":7043,"href":"https:\/\/tiles4you.pt\/index.php\/wp-json\/wp\/v2\/pages\/7042\/revisions\/7043"}],"wp:attachment":[{"href":"https:\/\/tiles4you.pt\/index.php\/wp-json\/wp\/v2\/media?parent=7042"}],"curies":[{"name":"wp","href":"https:\/\/api.w.org\/{rel}","templated":true}]}}